{"id":674,"date":"2023-11-22T11:47:37","date_gmt":"2023-11-22T10:47:37","guid":{"rendered":"https:\/\/www.einstreue.ch\/?page_id=674"},"modified":"2024-01-04T10:33:41","modified_gmt":"2024-01-04T09:33:41","slug":"carriere","status":"publish","type":"page","link":"https:\/\/www.einstreue.ch\/fr\/carriere\/","title":{"rendered":"Carri\u00e8re"},"content":{"rendered":"\n<p>Nous offrons une multitude de possibilit\u00e9s d\u2019\u00e9volution, d\u2019excellentes options de formation continue et, bien entendu, des conditions de travail attrayantes. Nous mettons l\u2019accent sur la promotion et le d\u00e9veloppement cibl\u00e9s des collaboratrices et collaborateurs en encourageant les comp\u00e9tences par des formations continues et des cours de perfectionnement. Nous nous engageons activement dans la promotion des talents et la planification de la succession \u00e0 long terme.<\/p>\n\n\n\n<p>Que vous soyez au d\u00e9but de votre carri\u00e8re ou que vous ayez de l\u2019exp\u00e9rience, vous trouverez chez nous des d\u00e9fis int\u00e9ressants et des possibilit\u00e9s de formation continue dans un environnement international. Chez nous, vous assumerez des responsabilit\u00e9s d\u00e8s le premier jour et pourrez planifier et d\u00e9velopper activement votre carri\u00e8re professionnelle \u00e0 chaque \u00e9tape de votre vie.<\/p>\n\n\n\n<p>D\u00e9couvrez nos offres d\u2019emploi actuelles et rejoignez une \u00e9quipe comp\u00e9tente qui c\u00e9l\u00e8bre ensemble ses succ\u00e8s. Nous nous r\u00e9jouissons de faire votre connaissance et de construire l\u2019avenir avec vous !<\/p>\n\n\n\n<div style=\"height:20px\" aria-hidden=\"true\" class=\"wp-block-spacer\"><\/div>\n\n\n\n<iframe src=\"https:\/\/ohws.prospective.ch\/public\/v1\/careercenter\/1001859\/?language=de&#038;lang=de&#038;filter_30=1158637\" style=\"height:1000px;width:90%;\"><\/iframe>\n\n\n\n<hr class=\"wp-block-separator has-alpha-channel-opacity is-style-dots\"\/>\n\n\n\n<div class=\"wp-block-columns\">\n<div class=\"wp-block-column\">\n<div class=\"wp-block-cloudweb-person-card\"><div class=\"person-card-info\"><div class=\"person-card-image\"><img loading=\"lazy\" decoding=\"async\" src=\"https:\/\/www.einstreue.ch\/wp-content\/uploads\/2024\/01\/Preisig_Martin_GOF_2023.jpg\" alt=\"\" width=\"800\" height=\"800\"\/><\/div><div class=\"person-card-details\"><h2 class=\"person-card-name\">Martin Preisig<\/h2><p class=\"person-card-detail\">Responsable RH fenaco GOF<\/p><\/div><\/div><div class=\"person-card-contact\"><p class=\"person-card-phone\"><a href=\"tel:+41584340029\">+41 58 434 00 29<\/a><\/p><p class=\"person-card-mail\"><a href=\"javascript:linkTo_UnCryptMailto('kygjrm8kyprgl,npcgqgeYdclyam,amk');\">martin.preisig@fenaco.com<\/a><\/p><\/div><\/div>\n<\/div>\n\n\n\n<div class=\"wp-block-column\">\n<div class=\"wp-block-cloudweb-person-card\"><div class=\"person-card-info\"><div class=\"person-card-image\"><img loading=\"lazy\" decoding=\"async\" src=\"https:\/\/www.einstreue.ch\/wp-content\/uploads\/2023\/12\/coming-soon.png\" alt=\"\" width=\"300\" height=\"200\"\/><\/div><div class=\"person-card-details\"><h2 class=\"person-card-name\">Liliane Uhlich<\/h2><p class=\"person-card-detail\">Partenaire de services RH<\/p><\/div><\/div><div class=\"person-card-contact\"><p class=\"person-card-phone\"><a href=\"tel:+41584340022\">+41 58 434 00 22<\/a><\/p><p class=\"person-card-mail\"><a href=\"javascript:linkTo_UnCryptMailto('kygjrm8jgjgylc,sfjgafYdclyam,amk');\">liliane.uhlich@fenaco.com<\/a><\/p><\/div><\/div>\n<\/div>\n\n\n\n<div class=\"wp-block-column\"><\/div>\n<\/div>\n","protected":false},"excerpt":{"rendered":"<p>Nous offrons une multitude de possibilit\u00e9s d\u2019\u00e9volution, d\u2019excellentes options de formation continue et, bien entendu, des conditions de travail attrayantes. Nous mettons l\u2019accent sur la promotion et le d\u00e9veloppement cibl\u00e9s des collaboratrices et collaborateurs en encourageant les comp\u00e9tences par des formations continues et des cours de perfectionnement. Nous nous engageons activement dans la promotion des [&hellip;]<\/p>\n","protected":false},"author":4,"featured_media":0,"parent":0,"menu_order":0,"comment_status":"closed","ping_status":"closed","template":"","meta":{"_acf_changed":false,"inline_featured_image":false,"_genesis_hide_title":false,"_genesis_hide_breadcrumbs":false,"_genesis_hide_singular_image":false,"_genesis_hide_footer_widgets":false,"_genesis_custom_body_class":"","_genesis_custom_post_class":"","_genesis_layout":"","footnotes":""},"class_list":{"0":"post-674","1":"page","2":"type-page","3":"status-publish","5":"entry"},"acf":[],"_links":{"self":[{"href":"https:\/\/www.einstreue.ch\/fr\/wp-json\/wp\/v2\/pages\/674","targetHints":{"allow":["GET"]}}],"collection":[{"href":"https:\/\/www.einstreue.ch\/fr\/wp-json\/wp\/v2\/pages"}],"about":[{"href":"https:\/\/www.einstreue.ch\/fr\/wp-json\/wp\/v2\/types\/page"}],"author":[{"embeddable":true,"href":"https:\/\/www.einstreue.ch\/fr\/wp-json\/wp\/v2\/users\/4"}],"replies":[{"embeddable":true,"href":"https:\/\/www.einstreue.ch\/fr\/wp-json\/wp\/v2\/comments?post=674"}],"version-history":[{"count":0,"href":"https:\/\/www.einstreue.ch\/fr\/wp-json\/wp\/v2\/pages\/674\/revisions"}],"wp:attachment":[{"href":"https:\/\/www.einstreue.ch\/fr\/wp-json\/wp\/v2\/media?parent=674"}],"curies":[{"name":"wp","href":"https:\/\/api.w.org\/{rel}","templated":true}]}}