{"id":588,"date":"2023-12-06T13:02:59","date_gmt":"2023-12-06T12:02:59","guid":{"rendered":"https:\/\/www.einstreue.ch\/?page_id=588"},"modified":"2023-12-26T22:18:04","modified_gmt":"2023-12-26T21:18:04","slug":"politique-de-confidentialite","status":"publish","type":"page","link":"https:\/\/www.einstreue.ch\/fr\/politique-de-confidentialite\/","title":{"rendered":"Politique de confidentialit\u00e9"},"content":{"rendered":"\n<p>Dans le but d\u2019identifier les tendances et d\u2019am\u00e9liorer notre offre en ligne, seules des donn\u00e9es d\u2019utilisateur non personnelles telles que votre adresse IP, le dernier site consult\u00e9, le browser utilis\u00e9, la date, l\u2019heure etc. sont exploit\u00e9es de mani\u00e8re anonyme. Pour ce faire, le logiciel \u00ab Google Analytics \u00bb est utilis\u00e9.<\/p>\n\n\n\n<p><strong>Extrait des conditions stipul\u00e9es par Google Analytics:<\/strong><\/p>\n\n\n\n<p>\u00abCe site utilise Google Analytics, un service d&rsquo;analyse de site internet fourni par Google Inc. (\u00ab Google \u00bb). Google Analytics utilise des cookies , qui sont des fichiers texte plac\u00e9s sur votre ordinateur, pour aider le site internet \u00e0 analyser l&rsquo;utilisation du site par ses utilisateurs. Les donn\u00e9es g\u00e9n\u00e9r\u00e9es par les cookies concernant votre utilisation du site (y compris votre adresse IP) seront transmises et stock\u00e9es par Google sur des serveurs situ\u00e9s aux Etats-Unis. Google utilisera cette information dans le but d&rsquo;\u00e9valuer votre utilisation du site, de compiler des rapports sur l&rsquo;activit\u00e9 du site \u00e0 destination de son \u00e9diteur et de fournir d&rsquo;autres services relatifs \u00e0 l&rsquo;activit\u00e9 du site et \u00e0 l&rsquo;utilisation d&rsquo;Internet. Google est susceptible de communiquer ces donn\u00e9es \u00e0 des tiers en cas d&rsquo;obligation l\u00e9gale ou lorsque ces tiers traitent ces donn\u00e9es pour le compte de Google, y compris notamment l&rsquo;\u00e9diteur de ce site. Google ne recoupera pas votre adresse IP avec toute autre donn\u00e9e d\u00e9tenue par Google. Vous pouvez d\u00e9sactiver l&rsquo;utilisation de cookies&nbsp; en s\u00e9lectionnant les param\u00e8tres appropri\u00e9s de votre navigateur. Cependant, une telle d\u00e9sactivation pourrait emp\u00eacher l&rsquo;utilisation de certaines fonctionnalit\u00e9s de ce site. En utilisant ce site internet, vous consentez express\u00e9ment au traitement de vos donn\u00e9es nominatives par Google dans les conditions et pour les finalit\u00e9s d\u00e9crites ci-dessus. \u00bb<\/p>\n\n\n\n<p><strong>Google Analytics \u2013 Conditions d\u2018utilisation:&nbsp;<\/strong><a href=\"http:\/\/www.google.com\/analytics\/terms\/fr.html\" target=\"_blank\" rel=\"noreferrer noopener\">http:\/\/www.google.com\/analytics\/terms\/fr.html<\/a><\/p>\n\n\n\n<p><strong>Contenus du site Internet<\/strong><br><br>Le contenu du pr\u00e9sent site Internet est fourni en toute conscience. L\u2019exhaustivit\u00e9 des informations n\u2019est pas garantie, bien que toutes les mesures destin\u00e9es \u00e0 \u00e9viter d\u2019\u00e9ventuelles erreurs ou probl\u00e8mes de cet ordre aient \u00e9t\u00e9 prises. LANDI d\u00e9cline toute responsabilit\u00e9 pour les dommages qui pourraient d\u00e9couler de l\u2019utilisation des informations mentionn\u00e9es, des attentes plac\u00e9es dans ces informations ou de quelconques donn\u00e9es en relations avec ces informations.<br><\/p>\n\n\n\n<p><strong>Copyright<\/strong><br><br>La mise en page du site Internet, les informations, les graphiques et les photos utilis\u00e9es ainsi que les contributions individuelles sont prot\u00e9g\u00e9s par le droit d\u2019auteur. Le t\u00e9l\u00e9chargement ou la copie du site ou de parties de ce dernier ainsi que des documents qui sont mentionn\u00e9es sur le pr\u00e9sent site Internet peuvent uniquement \u00eatre utilis\u00e9s \u00e0 des fins d\u2019information. Les marques prot\u00e9g\u00e9es (ou les marques de fabrique) ont uniquement \u00e9t\u00e9 utilis\u00e9es \u00e0 des fins explicatives ou indicatives.<br><br><strong>Liens vers des sites externes<\/strong><br><br>fenaco d\u00e9cline toute responsabilit\u00e9 en ce qui concerne le contenu des sites vers lesquels des liens sont propos\u00e9s. Ces liens constituent un service \u00e0 l\u2019intention des utilisateurs du site Internet. LANDI pr\u00e9cise express\u00e9ment qu\u2019elle n\u2019est impliqu\u00e9e d\u2019aucune fa\u00e7on dans les contenus des sites mentionn\u00e9s.<br><\/p>\n\n\n\n<p><strong>Effets juridiques<\/strong><\/p>\n\n\n\n<p>Dans les limites de la loi, fenaco d\u00e9cline toute responsabilit\u00e9 pour les \u00e9ventuels dommages que pourraient subir les utilisateurs de ce site ou d\u00e9coulant d\u2019actions de cet ordre. Si certaines formulations ou parties du pr\u00e9sent texte ne correspondent pas, plus ou pas enti\u00e8rement \u00e0 la l\u00e9gislation en vigueur, le contenu ou la validit\u00e9 des autres parties dudit texte n\u2019en sont nullement affect\u00e9s.<\/p>\n\n\n\n<p><br>Sentez-vous libre de nous contacter si vous avez des questions:<\/p>\n\n\n\n<p>fenaco Genossenschaft<br>Erlachstrasse 5<br>3012 Bern<br>raufutter@fenaco.com<br><br>Tel.&nbsp;+41 0800 808 850<\/p>\n","protected":false},"excerpt":{"rendered":"<p>Dans le but d\u2019identifier les tendances et d\u2019am\u00e9liorer notre offre en ligne, seules des donn\u00e9es d\u2019utilisateur non personnelles telles que votre adresse IP, le dernier site consult\u00e9, le browser utilis\u00e9, la date, l\u2019heure etc. sont exploit\u00e9es de mani\u00e8re anonyme. Pour ce faire, le logiciel \u00ab Google Analytics \u00bb est utilis\u00e9. Extrait des conditions stipul\u00e9es par [&hellip;]<\/p>\n","protected":false},"author":4,"featured_media":0,"parent":0,"menu_order":0,"comment_status":"closed","ping_status":"closed","template":"","meta":{"_acf_changed":false,"inline_featured_image":false,"_genesis_hide_title":false,"_genesis_hide_breadcrumbs":false,"_genesis_hide_singular_image":false,"_genesis_hide_footer_widgets":false,"_genesis_custom_body_class":"","_genesis_custom_post_class":"","_genesis_layout":"","footnotes":""},"class_list":{"0":"post-588","1":"page","2":"type-page","3":"status-publish","5":"entry"},"acf":[],"_links":{"self":[{"href":"https:\/\/www.einstreue.ch\/fr\/wp-json\/wp\/v2\/pages\/588","targetHints":{"allow":["GET"]}}],"collection":[{"href":"https:\/\/www.einstreue.ch\/fr\/wp-json\/wp\/v2\/pages"}],"about":[{"href":"https:\/\/www.einstreue.ch\/fr\/wp-json\/wp\/v2\/types\/page"}],"author":[{"embeddable":true,"href":"https:\/\/www.einstreue.ch\/fr\/wp-json\/wp\/v2\/users\/4"}],"replies":[{"embeddable":true,"href":"https:\/\/www.einstreue.ch\/fr\/wp-json\/wp\/v2\/comments?post=588"}],"version-history":[{"count":0,"href":"https:\/\/www.einstreue.ch\/fr\/wp-json\/wp\/v2\/pages\/588\/revisions"}],"wp:attachment":[{"href":"https:\/\/www.einstreue.ch\/fr\/wp-json\/wp\/v2\/media?parent=588"}],"curies":[{"name":"wp","href":"https:\/\/api.w.org\/{rel}","templated":true}]}}