{"id":4365,"date":"2026-05-13T16:02:22","date_gmt":"2026-05-13T15:02:22","guid":{"rendered":"https:\/\/www.einstreue.ch\/zucker\/"},"modified":"2026-05-13T16:11:29","modified_gmt":"2026-05-13T15:11:29","slug":"zucker","status":"publish","type":"page","link":"https:\/\/www.einstreue.ch\/fr\/zucker\/","title":{"rendered":"Sucre"},"content":{"rendered":"\n<p>Nous sommes sp\u00e9cialis\u00e9s dans la distribution de diff\u00e9rents types de sucre pour l\u2019industrie alimentaire ainsi que pour le secteur non alimentaire. Notre gamme comprend des produits sucriers de haute qualit\u00e9 destin\u00e9s \u00e0 des applications vari\u00e9es, fiables, flexibles et adapt\u00e9s aux besoins de nos clients.<\/p>\n\n\n\n<hr class=\"wp-block-separator has-alpha-channel-opacity is-style-dots\"\/>\n\n\n\n<h2 class=\"wp-block-heading\">Votre contact pour le commerce<\/h2>\n\n\n\n<div class=\"wp-block-columns\">\n<div class=\"wp-block-column\">\n<div class=\"wp-block-cloudweb-person-card is-style-without-languages wp-block-cloudweb-person-card-dynamic\">\n\t<div class=\"person-card-info\">\n\t\t<div class=\"person-card-image\">\n\t\t\t<img decoding=\"async\" src=\"https:\/\/www.einstreue.ch\/wp-content\/uploads\/2025\/10\/202500027011_thb.jpg\" alt=\"\" width=\"1200\" height=\"1200\" loading=\"lazy\" \/>\t\t<\/div>\n\t\t<div class=\"person-card-details\">\n\t\t\t<h2 class=\"person-card-name\">Daniel Beyeler<\/h2>\n\t\t\t<p class=\"person-card-detail\">Handel \/ Abwicklung Salze, Zucker<\/p><\/div>\n\t<\/div>\n\t<div class=\"person-card-contact\">\n\t\t\t\t\t<p class=\"person-card-phone\">\n\t\t\t\t<a href=\"tel:+41584336418\" itemprop=\"telephone\" title=\"Call us\">+41 58 433 64 18<\/a>\t\t\t<\/p>\n\t\t\t\t\t\t\t\t\t<p class=\"person-card-mail\">\n\t\t\t\t<a href=\"mailto:&#100;%61%6e%69&#101;&#108;&#46;be%79e&#108;&#101;%72&#64;%66&#101;na&#99;o.co&#109;\" title=\"Email us\" itemprop=\"email\">dani&#101;&#108;.beyel&#101;r&#64;f&#101;n&#97;c&#111;&#46;&#99;om<\/a>\t\t\t<\/p>\n\t\t\n\t<\/div>\n\t<\/div>\n<\/div>\n\n\n\n<div class=\"wp-block-column\"><\/div>\n\n\n\n<div class=\"wp-block-column\"><\/div>\n<\/div>\n","protected":false},"excerpt":{"rendered":"<p>Nous sommes sp\u00e9cialis\u00e9s dans la distribution de diff\u00e9rents types de sucre pour l\u2019industrie alimentaire ainsi que pour le secteur non alimentaire. Notre gamme comprend des produits sucriers de haute qualit\u00e9 destin\u00e9s \u00e0 des applications vari\u00e9es, fiables, flexibles et adapt\u00e9s aux besoins de nos clients. Votre contact pour le commerce<\/p>\n","protected":false},"author":10,"featured_media":0,"parent":0,"menu_order":0,"comment_status":"closed","ping_status":"closed","template":"","meta":{"_acf_changed":false,"inline_featured_image":false,"_genesis_hide_title":false,"_genesis_hide_breadcrumbs":false,"_genesis_hide_singular_image":false,"_genesis_hide_footer_widgets":false,"_genesis_custom_body_class":"","_genesis_custom_post_class":"","_genesis_layout":"","footnotes":""},"class_list":{"0":"post-4365","1":"page","2":"type-page","3":"status-publish","5":"entry"},"acf":[],"_links":{"self":[{"href":"https:\/\/www.einstreue.ch\/fr\/wp-json\/wp\/v2\/pages\/4365","targetHints":{"allow":["GET"]}}],"collection":[{"href":"https:\/\/www.einstreue.ch\/fr\/wp-json\/wp\/v2\/pages"}],"about":[{"href":"https:\/\/www.einstreue.ch\/fr\/wp-json\/wp\/v2\/types\/page"}],"author":[{"embeddable":true,"href":"https:\/\/www.einstreue.ch\/fr\/wp-json\/wp\/v2\/users\/10"}],"replies":[{"embeddable":true,"href":"https:\/\/www.einstreue.ch\/fr\/wp-json\/wp\/v2\/comments?post=4365"}],"version-history":[{"count":0,"href":"https:\/\/www.einstreue.ch\/fr\/wp-json\/wp\/v2\/pages\/4365\/revisions"}],"wp:attachment":[{"href":"https:\/\/www.einstreue.ch\/fr\/wp-json\/wp\/v2\/media?parent=4365"}],"curies":[{"name":"wp","href":"https:\/\/api.w.org\/{rel}","templated":true}]}}