{"id":1999,"date":"2023-10-18T12:25:31","date_gmt":"2023-10-18T11:25:31","guid":{"rendered":"https:\/\/www.einstreue.ch\/front-page\/"},"modified":"2024-11-22T12:16:35","modified_gmt":"2024-11-22T11:16:35","slug":"front-page","status":"publish","type":"page","link":"https:\/\/www.einstreue.ch\/fr\/front-page\/","title":{"rendered":"Front page"},"content":{"rendered":"\n<div class=\"wp-block-cloudweb-hero-slider alignfull\" style=\"--bg-color: null\" data-settings=\"{&quot;dots&quot;:false,&quot;arrows&quot;:false,&quot;infinite&quot;:false,&quot;speed&quot;:300,&quot;slidesToShow&quot;:1,&quot;slidesToScroll&quot;:1,&quot;autoplay&quot;:false,&quot;autoplaySpeed&quot;:3000}\">\n<div class=\"wp-block-cloudweb-hero-slide\"><img loading=\"lazy\" decoding=\"async\" class=\"wp-image-2125\" src=\"https:\/\/www.einstreue.ch\/wp-content\/uploads\/2024\/01\/header_unser-angebot-opt-scaled.jpg\" alt=\"\" width=\"2560\" height=\"734\" srcset=\"https:\/\/www.einstreue.ch\/wp-content\/uploads\/2024\/01\/header_unser-angebot-opt-scaled.jpg 2560w, https:\/\/www.einstreue.ch\/wp-content\/uploads\/2024\/01\/header_unser-angebot-opt-300x86.jpg 300w, https:\/\/www.einstreue.ch\/wp-content\/uploads\/2024\/01\/header_unser-angebot-opt-1024x294.jpg 1024w, https:\/\/www.einstreue.ch\/wp-content\/uploads\/2024\/01\/header_unser-angebot-opt-768x220.jpg 768w, https:\/\/www.einstreue.ch\/wp-content\/uploads\/2024\/01\/header_unser-angebot-opt-1536x440.jpg 1536w, https:\/\/www.einstreue.ch\/wp-content\/uploads\/2024\/01\/header_unser-angebot-opt-2048x587.jpg 2048w\" sizes=\"auto, (max-width: 2560px) 100vw, 2560px\" \/><\/div>\n<\/div>\n\n\n\n<div class=\"wp-block-cloudweb-offer-boxes alignwide\"><div class=\"offer-boxes-title\"><h2>Notre offre<\/h2><\/div><div class=\"offer-boxes\">\n<div class=\"wp-block-cloudweb-offer-box\"><div class=\"offer-box\"><img loading=\"lazy\" decoding=\"async\" src=\"https:\/\/www.einstreue.ch\/wp-content\/uploads\/2024\/01\/box1.jpg\" alt=\"\" width=\"620\" height=\"1242\"\/><div class=\"offer-box-content\">\n<h2 class=\"wp-block-heading\">Fourrages<\/h2>\n\n\n\n<p><a href=\"https:\/\/www.einstreue.ch\/fr\/anihaylage-2\/\" data-type=\"page\" data-id=\"1356\">ANIhaylage<\/a><\/p>\n\n\n\n<p><a href=\"https:\/\/www.einstreue.ch\/fr\/luzerne\/\" data-type=\"page\" data-id=\"1369\">Luzerne<\/a><\/p>\n\n\n\n<p><a href=\"https:\/\/www.einstreue.ch\/fr\/zuckerruebennebenprodukte\/\" data-type=\"page\" data-id=\"1370\">Produits de la pulpe de betterave<\/a><\/p>\n\n\n\n<p><a href=\"https:\/\/www.einstreue.ch\/fr\/maisprodukte\/\" data-type=\"page\" data-id=\"1374\">Produits de ma\u00efs<\/a><\/p>\n\n\n\n<p><a href=\"https:\/\/www.einstreue.ch\/fr\/treber\/\" data-type=\"page\" data-id=\"1378\">Dr\u00eache<\/a><\/p>\n<\/div><\/div><\/div>\n\n\n\n<div class=\"wp-block-cloudweb-offer-box\"><div class=\"offer-box\"><img loading=\"lazy\" decoding=\"async\" src=\"https:\/\/www.einstreue.ch\/wp-content\/uploads\/2024\/01\/box2.jpg\" alt=\"\" width=\"620\" height=\"1242\"\/><div class=\"offer-box-content\">\n<h2 class=\"wp-block-heading\">Liti\u00e8res<\/h2>\n\n\n\n<p><a href=\"https:\/\/www.einstreue.ch\/fr\/anifamily\/\" data-type=\"page\" data-id=\"1379\">ANI liti\u00e8res<\/a><\/p>\n\n\n\n<p><a href=\"https:\/\/www.einstreue.ch\/fr\/anibric\/\" data-type=\"page\" data-id=\"1380\">ANIbric<\/a><\/p>\n\n\n\n<p><a href=\"https:\/\/www.einstreue.ch\/fr\/vita-strohhaecksel\/\" data-type=\"page\" data-id=\"1395\">Paille hach\u00e9e VITA<\/a><\/p>\n\n\n\n<p><a href=\"https:\/\/www.einstreue.ch\/fr\/stroh\/\" data-type=\"page\" data-id=\"1952\">Produits de paille ANI<\/a><\/p>\n<\/div><\/div><\/div>\n\n\n\n<div class=\"wp-block-cloudweb-offer-box\"><div class=\"offer-box\"><img loading=\"lazy\" decoding=\"async\" src=\"https:\/\/www.einstreue.ch\/wp-content\/uploads\/2024\/01\/box3.jpg\" alt=\"\" width=\"620\" height=\"1242\"\/><div class=\"offer-box-content\">\n<h2 class=\"wp-block-heading\">Sels<\/h2>\n\n\n\n<p><a href=\"https:\/\/www.einstreue.ch\/fr\/salze\/\" data-type=\"page\" data-id=\"1412\">Sels<\/a><\/p>\n<\/div><\/div><\/div>\n\n\n\n<div class=\"wp-block-cloudweb-offer-box\"><div class=\"offer-box\"><img loading=\"lazy\" decoding=\"async\" src=\"https:\/\/www.einstreue.ch\/wp-content\/uploads\/2024\/01\/box4.jpg\" alt=\"\" width=\"620\" height=\"1242\"\/><div class=\"offer-box-content\">\n<h2 class=\"wp-block-heading\">Notre assortiment<\/h2>\n\n\n\n<p><a href=\"https:\/\/www.einstreue.ch\/fr\/unser-angebot\/\" data-type=\"page\" data-id=\"1471\">Vers le choix de produits<\/a><\/p>\n<\/div><\/div><\/div>\n<\/div><\/div>\n\n\n\n<div class=\"wp-block-cloudweb-partnership\">\n<div class=\"wp-block-cloudweb-partnership-boxes\">\n<div class=\"wp-block-cloudweb-partnership-box\"><div class=\"partnership-box-icon\"><img loading=\"lazy\" decoding=\"async\" class=\"wp-image-1433\" src=\"https:\/\/www.einstreue.ch\/wp-content\/uploads\/2023\/12\/anifamily_kategorie_produkt_rgb_1.jpg\" alt=\"\" width=\"383\" height=\"213\" srcset=\"https:\/\/www.einstreue.ch\/wp-content\/uploads\/2023\/12\/anifamily_kategorie_produkt_rgb_1.jpg 383w, https:\/\/www.einstreue.ch\/wp-content\/uploads\/2023\/12\/anifamily_kategorie_produkt_rgb_1-300x167.jpg 300w\" sizes=\"auto, (max-width: 383px) 100vw, 383px\" \/><\/div><h3>ANIfamily<\/h3><p>ANI\u00ae \u2013 Les produits de liti\u00e8re tendances et porteurs d\u2019avenir<br><a href=\"https:\/\/www.einstreue.ch\/fr\/anihaylage-2\/\" data-type=\"page\" data-id=\"1356\">ANIhaylage<\/a><br><a href=\"https:\/\/www.einstreue.ch\/fr\/anibric\/\" data-type=\"page\" data-id=\"1380\">ANIbric<\/a><br><a href=\"https:\/\/www.einstreue.ch\/fr\/anifamily\/\" data-type=\"page\" data-id=\"1379\">ANI liti\u00e8res<\/a><br><br><a href=\"https:\/\/www.einstreue.ch\/wp-content\/uploads\/2023\/12\/Publication-media-agricole-Agri-Hebdo.pdf\">Publi Reportage<\/a><\/p><\/div>\n\n\n\n<div class=\"wp-block-cloudweb-partnership-box\"><div class=\"partnership-box-icon\"><img loading=\"lazy\" decoding=\"async\" class=\"wp-image-1430\" src=\"https:\/\/www.einstreue.ch\/wp-content\/uploads\/2023\/12\/Luzerne_montage_300x200_.jpg\" alt=\"\" width=\"567\" height=\"378\" srcset=\"https:\/\/www.einstreue.ch\/wp-content\/uploads\/2023\/12\/Luzerne_montage_300x200_.jpg 567w, https:\/\/www.einstreue.ch\/wp-content\/uploads\/2023\/12\/Luzerne_montage_300x200_-300x200.jpg 300w\" sizes=\"auto, (max-width: 567px) 100vw, 567px\" \/><\/div><h3><a href=\"https:\/\/www.einstreue.ch\/fr\/luzerne\/\" data-type=\"page\" data-id=\"1957\">Luzerne<\/a><\/h3><p>V\u00e9rifiez maintenant votre besoin en&nbsp;luzerne.<\/p><\/div>\n\n\n\n<div class=\"wp-block-cloudweb-partnership-box\"><div class=\"partnership-box-icon\"><img loading=\"lazy\" decoding=\"async\" class=\"wp-image-2050\" src=\"https:\/\/www.einstreue.ch\/wp-content\/uploads\/2023\/12\/Gratis_Info-Line_FR.jpg\" alt=\"\" width=\"410\" height=\"250\" srcset=\"https:\/\/www.einstreue.ch\/wp-content\/uploads\/2023\/12\/Gratis_Info-Line_FR.jpg 410w, https:\/\/www.einstreue.ch\/wp-content\/uploads\/2023\/12\/Gratis_Info-Line_FR-300x183.jpg 300w\" sizes=\"auto, (max-width: 410px) 100vw, 410px\" \/><\/div><h3><a href=\"tel:+41800808850\">   <\/a><\/h3><p>N&rsquo;h\u00e9sitez pas \u00e0 nous contacter via&nbsp;<strong>la ligne d&rsquo;information gratuite 0800 808 850<\/strong>.<\/p><\/div>\n\n\n\n<div class=\"wp-block-cloudweb-partnership-box\"><div class=\"partnership-box-icon\"><img loading=\"lazy\" decoding=\"async\" class=\"wp-image-1439\" src=\"https:\/\/www.einstreue.ch\/wp-content\/uploads\/2023\/12\/ANIbric.jpg\" alt=\"\" width=\"567\" height=\"378\" srcset=\"https:\/\/www.einstreue.ch\/wp-content\/uploads\/2023\/12\/ANIbric.jpg 567w, https:\/\/www.einstreue.ch\/wp-content\/uploads\/2023\/12\/ANIbric-300x200.jpg 300w\" sizes=\"auto, (max-width: 567px) 100vw, 567px\" \/><\/div><h3><a href=\"https:\/\/www.einstreue.ch\/fr\/stroh\/\">Liti\u00e8res<\/a><\/h3><p>Les nouveaux syst\u00e8mes de stabulation avec paille sont tr\u00e8s tendances. La demande en produits de paille transform\u00e9s industriellement, tels que la paille hach\u00e9e, les granul\u00e9s, les miettes et la farine, a tr\u00e8s fortement augment\u00e9.&nbsp;<\/p><\/div>\n<\/div>\n<\/div>\n\n\n\n<p><\/p>\n\n\n\n<div class=\"wp-block-group alignfull is-style-fenaco-news-group\">\n<h3 class=\"wp-block-heading\"><\/h3>\n<\/div>\n","protected":false},"excerpt":{"rendered":"","protected":false},"author":2,"featured_media":0,"parent":0,"menu_order":0,"comment_status":"closed","ping_status":"closed","template":"","meta":{"_acf_changed":false,"inline_featured_image":false,"_genesis_hide_title":false,"_genesis_hide_breadcrumbs":false,"_genesis_hide_singular_image":false,"_genesis_hide_footer_widgets":false,"_genesis_custom_body_class":"","_genesis_custom_post_class":"","_genesis_layout":"","footnotes":""},"class_list":{"0":"post-1999","1":"page","2":"type-page","3":"status-publish","5":"entry"},"acf":[],"_links":{"self":[{"href":"https:\/\/www.einstreue.ch\/fr\/wp-json\/wp\/v2\/pages\/1999","targetHints":{"allow":["GET"]}}],"collection":[{"href":"https:\/\/www.einstreue.ch\/fr\/wp-json\/wp\/v2\/pages"}],"about":[{"href":"https:\/\/www.einstreue.ch\/fr\/wp-json\/wp\/v2\/types\/page"}],"author":[{"embeddable":true,"href":"https:\/\/www.einstreue.ch\/fr\/wp-json\/wp\/v2\/users\/2"}],"replies":[{"embeddable":true,"href":"https:\/\/www.einstreue.ch\/fr\/wp-json\/wp\/v2\/comments?post=1999"}],"version-history":[{"count":0,"href":"https:\/\/www.einstreue.ch\/fr\/wp-json\/wp\/v2\/pages\/1999\/revisions"}],"wp:attachment":[{"href":"https:\/\/www.einstreue.ch\/fr\/wp-json\/wp\/v2\/media?parent=1999"}],"curies":[{"name":"wp","href":"https:\/\/api.w.org\/{rel}","templated":true}]}}