{"id":1974,"date":"2023-12-20T15:37:18","date_gmt":"2023-12-20T14:37:18","guid":{"rendered":"https:\/\/www.einstreue.ch\/salze\/"},"modified":"2024-06-27T13:57:20","modified_gmt":"2024-06-27T12:57:20","slug":"salze","status":"publish","type":"page","link":"https:\/\/www.einstreue.ch\/fr\/salze\/","title":{"rendered":"Sels"},"content":{"rendered":"\n<p>Le sel est un nutriment essentiel pour les humains et les animaux. Il se trouve dans toutes les cellules du corps. Un approvisionnement ad\u00e9quat est crucial pour les performances du b\u00e9tail.<\/p>\n\n\n\n<p>Les sels AgriSal\u00ae couvrent toute la gamme des sels pour les animaux de la ferme et les animaux de compagnie. Leur s\u00e9lection et leur composition respectives s\u2019appuient sur de nombreuses ann\u00e9es d\u2019exp\u00e9rience dans le domaine de l\u2019alimentation animale. Les sels enrichis en iode et en min\u00e9raux sont \u00e9galement approuv\u00e9s pour l\u2019agriculture biologique en Suisse. En plus du sel et des blocs \u00e0 l\u00e9cher, le groupe fenaco-LANDI propose \u00e9galement des produits contenant de l\u2019iode et des min\u00e9raux.<\/p>\n\n\n\n<p><a href=\"https:\/\/www.salz.ch\/fr\/sel-agricole\/agrisal\/les-produits-agrisalr\" target=\"_blank\" rel=\"noreferrer noopener\">Les produits AgriSal\u00ae<\/a><\/p>\n\n\n\n<hr class=\"wp-block-separator has-alpha-channel-opacity is-style-dots\"\/>\n\n\n\n<h2 class=\"wp-block-heading\">Votre contact pour le commerce<\/h2>\n\n\n\n<div class=\"wp-block-columns\">\n<div class=\"wp-block-column\">\n<div class=\"wp-block-cloudweb-person-card is-style-without-languages wp-block-cloudweb-person-card-dynamic\">\n\t<div class=\"person-card-info\">\n\t\t<div class=\"person-card-image\">\n\t\t\t<img decoding=\"async\" src=\"https:\/\/www.einstreue.ch\/wp-content\/uploads\/2025\/10\/202500027011_thb.jpg\" alt=\"\" width=\"1200\" height=\"1200\" loading=\"lazy\" \/>\t\t<\/div>\n\t\t<div class=\"person-card-details\">\n\t\t\t<h2 class=\"person-card-name\">Daniel Beyeler<\/h2>\n\t\t\t<p class=\"person-card-detail\">Commerce sels, sucre<\/p><\/div>\n\t<\/div>\n\t<div class=\"person-card-contact\">\n\t\t\t\t\t<p class=\"person-card-phone\">\n\t\t\t\t<a href=\"tel:+41584336418\" itemprop=\"telephone\" title=\"Call us\">+41 58 433 64 18<\/a>\t\t\t<\/p>\n\t\t\t\t\t\t\t\t\t<p class=\"person-card-mail\">\n\t\t\t\t<a href=\"mailto:%64%61%6e&#105;%65l&#46;b&#101;&#121;e%6c%65r&#64;%66%65&#110;a%63o.%63om\" title=\"Email us\" itemprop=\"email\">&#100;&#97;niel.&#98;&#101;&#121;eler&#64;&#102;&#101;naco.c&#111;&#109;<\/a>\t\t\t<\/p>\n\t\t\n\t<\/div>\n\t<\/div>\n<\/div>\n\n\n\n<div class=\"wp-block-column\"><\/div>\n\n\n\n<div class=\"wp-block-column\"><\/div>\n<\/div>\n","protected":false},"excerpt":{"rendered":"<p>Le sel est un nutriment essentiel pour les humains et les animaux. Il se trouve dans toutes les cellules du corps. Un approvisionnement ad\u00e9quat est crucial pour les performances du b\u00e9tail. Les sels AgriSal\u00ae couvrent toute la gamme des sels pour les animaux de la ferme et les animaux de compagnie. Leur s\u00e9lection et leur [&hellip;]<\/p>\n","protected":false},"author":4,"featured_media":0,"parent":0,"menu_order":0,"comment_status":"closed","ping_status":"closed","template":"","meta":{"_acf_changed":false,"inline_featured_image":false,"_genesis_hide_title":false,"_genesis_hide_breadcrumbs":false,"_genesis_hide_singular_image":false,"_genesis_hide_footer_widgets":false,"_genesis_custom_body_class":"","_genesis_custom_post_class":"","_genesis_layout":"","footnotes":""},"class_list":{"0":"post-1974","1":"page","2":"type-page","3":"status-publish","5":"entry"},"acf":[],"_links":{"self":[{"href":"https:\/\/www.einstreue.ch\/fr\/wp-json\/wp\/v2\/pages\/1974","targetHints":{"allow":["GET"]}}],"collection":[{"href":"https:\/\/www.einstreue.ch\/fr\/wp-json\/wp\/v2\/pages"}],"about":[{"href":"https:\/\/www.einstreue.ch\/fr\/wp-json\/wp\/v2\/types\/page"}],"author":[{"embeddable":true,"href":"https:\/\/www.einstreue.ch\/fr\/wp-json\/wp\/v2\/users\/4"}],"replies":[{"embeddable":true,"href":"https:\/\/www.einstreue.ch\/fr\/wp-json\/wp\/v2\/comments?post=1974"}],"version-history":[{"count":0,"href":"https:\/\/www.einstreue.ch\/fr\/wp-json\/wp\/v2\/pages\/1974\/revisions"}],"wp:attachment":[{"href":"https:\/\/www.einstreue.ch\/fr\/wp-json\/wp\/v2\/media?parent=1974"}],"curies":[{"name":"wp","href":"https:\/\/api.w.org\/{rel}","templated":true}]}}