{"id":1968,"date":"2023-12-20T15:20:52","date_gmt":"2023-12-20T14:20:52","guid":{"rendered":"https:\/\/www.einstreue.ch\/maisprodukte\/"},"modified":"2023-12-24T08:15:05","modified_gmt":"2023-12-24T07:15:05","slug":"maisprodukte","status":"publish","type":"page","link":"https:\/\/www.einstreue.ch\/fr\/maisprodukte\/","title":{"rendered":"Produits de ma\u00efs"},"content":{"rendered":"\n<p class=\"is-style-accordion-link\"><a href=\"https:\/\/www.einstreue.ch\/wp-content\/uploads\/2023\/12\/RZ_MAIS_Publi-LANDI_Agri-FR_08_2023.pdf\">Publireportage Ma\u00efs [pdf | 1713 KB]<\/a><\/p>\n\n\n\n<div style=\"height:25px\" aria-hidden=\"true\" class=\"wp-block-spacer\"><\/div>\n\n\n\n<div class=\"wp-block-cloudweb-offer-boxes\"><div class=\"offer-boxes-title\"><\/div><div class=\"offer-boxes\">\n<div class=\"wp-block-cloudweb-offer-box\"><div class=\"offer-box\"><img loading=\"lazy\" decoding=\"async\" src=\"https:\/\/www.einstreue.ch\/wp-content\/uploads\/2023\/12\/shutterstock_83529637_compressed.jpg\" alt=\"\" width=\"2161\" height=\"1900\"\/><div class=\"offer-box-content\">\n<h2 class=\"wp-block-heading\"><a href=\"https:\/\/www.einstreue.ch\/fr\/ensilage-de-mais-plante-entiere\/\" data-type=\"page\" data-id=\"1806\">Ensilage de ma\u00efs plante enti\u00e8re<\/a><\/h2>\n\n\n\n<p><\/p>\n<\/div><\/div><\/div>\n\n\n\n<div class=\"wp-block-cloudweb-offer-box\"><div class=\"offer-box\"><img loading=\"lazy\" decoding=\"async\" src=\"https:\/\/www.einstreue.ch\/wp-content\/uploads\/2023\/12\/oberhirch_waiswuerfel_plus_1.jpg\" alt=\"\" width=\"800\" height=\"533\"\/><div class=\"offer-box-content\">\n<h2 class=\"wp-block-heading\"><a href=\"https:\/\/www.einstreue.ch\/fr\/granules-de-mais-oberkirch-plus\/\" data-type=\"page\" data-id=\"1790\">Granul\u00e9s de ma\u00efs Oberkirch plus<\/a><\/h2>\n\n\n\n<p><\/p>\n<\/div><\/div><\/div>\n\n\n\n<div class=\"wp-block-cloudweb-offer-box\"><div class=\"offer-box\"><img loading=\"lazy\" decoding=\"async\" src=\"https:\/\/www.einstreue.ch\/wp-content\/uploads\/2023\/12\/vollmaispflanzenpellets_2_3_1.jpg\" alt=\"\" width=\"800\" height=\"533\"\/><div class=\"offer-box-content\">\n<h2 class=\"wp-block-heading\"><a href=\"https:\/\/www.einstreue.ch\/fr\/granules-de-mais-plante-entiere\/\" data-type=\"page\" data-id=\"1807\">Granul\u00e9s de ma\u00efs plante enti\u00e8re<\/a><\/h2>\n\n\n\n<p><\/p>\n<\/div><\/div><\/div>\n\n\n\n<div class=\"wp-block-cloudweb-offer-box\"><div class=\"offer-box\"><div class=\"offer-box-content\"><\/div><\/div><\/div>\n<\/div><\/div>\n","protected":false},"excerpt":{"rendered":"<p>Publireportage Ma\u00efs [pdf | 1713 KB]<\/p>\n","protected":false},"author":4,"featured_media":0,"parent":0,"menu_order":0,"comment_status":"closed","ping_status":"closed","template":"","meta":{"_acf_changed":false,"inline_featured_image":false,"_genesis_hide_title":false,"_genesis_hide_breadcrumbs":false,"_genesis_hide_singular_image":false,"_genesis_hide_footer_widgets":false,"_genesis_custom_body_class":"","_genesis_custom_post_class":"","_genesis_layout":"","footnotes":""},"class_list":{"0":"post-1968","1":"page","2":"type-page","3":"status-publish","5":"entry"},"acf":[],"_links":{"self":[{"href":"https:\/\/www.einstreue.ch\/fr\/wp-json\/wp\/v2\/pages\/1968","targetHints":{"allow":["GET"]}}],"collection":[{"href":"https:\/\/www.einstreue.ch\/fr\/wp-json\/wp\/v2\/pages"}],"about":[{"href":"https:\/\/www.einstreue.ch\/fr\/wp-json\/wp\/v2\/types\/page"}],"author":[{"embeddable":true,"href":"https:\/\/www.einstreue.ch\/fr\/wp-json\/wp\/v2\/users\/4"}],"replies":[{"embeddable":true,"href":"https:\/\/www.einstreue.ch\/fr\/wp-json\/wp\/v2\/comments?post=1968"}],"version-history":[{"count":0,"href":"https:\/\/www.einstreue.ch\/fr\/wp-json\/wp\/v2\/pages\/1968\/revisions"}],"wp:attachment":[{"href":"https:\/\/www.einstreue.ch\/fr\/wp-json\/wp\/v2\/media?parent=1968"}],"curies":[{"name":"wp","href":"https:\/\/api.w.org\/{rel}","templated":true}]}}