{"id":1957,"date":"2023-12-20T15:12:12","date_gmt":"2023-12-20T14:12:12","guid":{"rendered":"https:\/\/www.einstreue.ch\/luzerne\/"},"modified":"2025-04-29T11:54:01","modified_gmt":"2025-04-29T10:54:01","slug":"luzerne","status":"publish","type":"page","link":"https:\/\/www.einstreue.ch\/fr\/luzerne\/","title":{"rendered":"Luzerne"},"content":{"rendered":"\n<p>La r\u00e9colte de luzerne 2025 est actuellement livr\u00e9e, v\u00e9rifiez vos besoins et profitez de la 1\u00e8re coupe qui est actuellement encore disponible. La s\u00e9cheresse de l&rsquo;\u00e9t\u00e9 dernier et le printemps froid et humide ont laiss\u00e9 leurs traces. La discussion sur le climat, le conflit en Ukraine et l&rsquo;inflation persistante sont toujours d&rsquo;actualit\u00f6 et influence l&rsquo;approvisionnement actuel et futur en fourrages de base pour les animaux de rente.<\/p>\n\n\n\n<p>En tant que fourrage vert s\u00e9ch\u00e9 artificiellement, les produits de luzerne sont riches en b\u00eata-carot\u00e8ne, vitamine E et vitamine du complexe b\u00eata. Gr\u00e2ce \u00e0 sa teneur en cellulose brute, la luzerne est un composant int\u00e9ressant et \u00e9conomique de la ration journali\u00e8re et, am\u00e9liore l\u2019affouragement de base des vaches laiti\u00e8res, des g\u00e9nisses et du jeune b\u00e9tail.<\/p>\n\n\n\n<figure class=\"wp-block-embed is-type-video is-provider-youtube wp-block-embed-youtube wp-embed-aspect-16-9 wp-has-aspect-ratio\"><div class=\"wp-block-embed__wrapper\">\n<iframe loading=\"lazy\" title=\"La production de luzerne d\u00e9shydrat\u00e9e\" width=\"500\" height=\"281\" src=\"https:\/\/www.youtube.com\/embed\/1IlPlJqLmkE?start=81&#038;feature=oembed\" frameborder=\"0\" allow=\"accelerometer; autoplay; clipboard-write; encrypted-media; gyroscope; picture-in-picture; web-share\" referrerpolicy=\"strict-origin-when-cross-origin\" allowfullscreen><\/iframe>\n<\/div><\/figure>\n\n\n\n<div style=\"height:25px\" aria-hidden=\"true\" class=\"wp-block-spacer\"><\/div>\n\n\n\n<p><strong>Fourrage app\u00e9tant<\/strong><\/p>\n\n\n\n<p>Les produits de luzerne sont un fourrage extr\u00eamement app\u00e9tant pour les animaux et sont de ce fait tr\u00e8s bien mang\u00e9s. Ceci permet d\u2019augmenter l\u2019ingestion, ce qui engendre les r\u00e9sultats suivants&nbsp;: plus d\u2019\u00e9nergie, de plus hautes performances, un meilleur m\u00e9tabolisme, une digestion plus saine et une diminution des \u00e9missions de m\u00e9thane. De plus, les animaux obtiennent un pelage sain et brillant.<\/p>\n\n\n\n<p><strong>Une collaboration \u00e9troite et \u00e9prouv\u00e9e<\/strong><\/p>\n\n\n\n<p>Le groupe fenaco-LANDI entretient des relations commerciales de longue date avec diff\u00e9rents partenaires en Suisse comme \u00e0 l\u2019\u00e9tranger. Cette collaboration \u00e9prouv\u00e9e permet de proposer le produit adapt\u00e9, fiable et livrable au meilleur prix dans les diff\u00e9rentes exploitations.<\/p>\n\n\n\n<p>D\u00e9sialis est l\u2019un de ces partenaires fiables avec qui le groupe fenaco-LANDI collabore. D\u00e9sialis a \u00e9t\u00e9 cr\u00e9\u00e9 par un regroupement de producteurs de luzerne et de pulpe de betteraves. Le but de ce regroupement consistait \u00e0 r\u00e9unir les forces pour le d\u00e9veloppement, la production et la commercialisation de produits secs. Des installations de production performantes, des nouvelles technologies avanc\u00e9es et des processus de r\u00e9colte et de fabrication optimis\u00e9s permettent aujourd\u2019hui \u00e0 D\u00e9sialis de proposer des produits de haute qualit\u00e9, adapt\u00e9s aux exigences de plus en plus \u00e9lev\u00e9es dans l\u2019alimentation animale.<\/p>\n\n\n\n<p><strong>Installations de s\u00e9chage<\/strong><\/p>\n\n\n\n<p>Les sites de s\u00e9chage sont organis\u00e9s en coop\u00e9ratives ou consortiums d\u2019entreprises. Dans la r\u00e9gion Champagne-Ardenne, au nord-est de Paris, des produits \u00e0 base de luzerne sont fabriqu\u00e9s de mai \u00e0 septembre. Gr\u00e2ce \u00e0 la situation des installations, les frais de transport peuvent \u00eatre optimis\u00e9s jusqu\u2019aux entreprises de production. Aujourd\u2019hui, D\u00e9sialis commercialise, \u00e0 partir de plusieurs sites, environ 750 000 tonnes de luzerne, sous forme de balles et de pellets.<\/p>\n\n\n\n<p><strong>Production de luzerne<\/strong><\/p>\n\n\n\n<p>Le s\u00e9chage artificiel permet de pr\u00e9server et de conserver de nombreux \u00e9l\u00e9ments nutritifs int\u00e9ressants de la plante fra\u00eeche. L\u2019am\u00e9lioration des techniques de s\u00e9chage, de stockage et d\u2019homog\u00e9n\u00e9isation a permis une diversification des diff\u00e9rents produits et favoris\u00e9 l\u2019utilisation et la consommation de produits \u00e0 base de luzerne pour toutes les esp\u00e8ces animales (<em>www.desialis.fr<\/em>). Afin de garantir la qualit\u00e9 des diff\u00e9rents produits, il est essentiel d\u2019organiser la r\u00e9colte en se basant sur un calendrier adapt\u00e9 \u00e0 la v\u00e9g\u00e9tation. Suite au processus de pr\u00e9fanage, le pourcentage d\u2019humidit\u00e9 de la luzerne est r\u00e9duit entre 50 \u00e0 75 %, ce qui permet de diminuer la consommation d\u2019\u00e9nergie pour le s\u00e9chage artificiel. La luzerne est ensuite transport\u00e9e dans des installations de s\u00e9chage, o\u00f9 elle est d\u00e9shydrat\u00e9e avec pr\u00e9caution jusqu\u2019\u00e0 une humidit\u00e9 r\u00e9siduelle d\u2019environ 10 %, gr\u00e2ce \u00e0 un s\u00e9chage \u00e0 air chaud moderne. La temp\u00e9rature, entre 250 et 600\u00b0 C \u00e0 l\u2019entr\u00e9e du s\u00e9chage, est adapt\u00e9e \u00e0 l\u2019humidit\u00e9 du produit de base. Ensuite, la luzerne est soit moulue et press\u00e9e en pellets, soit transform\u00e9e en balles \u00e0 l\u2019aide d\u2019une presse \u00e0 coffre.<\/p>\n\n\n\n<p><strong>Logistique et capacit\u00e9s de livraison<\/strong><\/p>\n\n\n\n<p>La logistique internationale est en pleine mutation. Depuis un certain temps, bon nombre d\u2019entreprises de transport d\u2019Europe occidentale ont beaucoup de mal \u00e0 recruter des chauffeurs bien form\u00e9s. Par exemple, en France, quelque 17 000 emplois sont \u00e0 pourvoir. Cette situation nous contraint de plus en plus \u00e0 faire appel \u00e0 des entreprises de transport d\u2019Europe de l\u2019Est. Pour le transport \u00e0 destination de la Suisse, nous faisons appel \u00e0 des transporteurs internationaux ayant des possibilit\u00e9s de rechargement pour l\u2019\u00e9tranger. Ces entreprises proposent des services de transport optimis\u00e9s en termes de co\u00fbts et justifiables d\u2019un point de vue \u00e9cologique. En revanche, ils utilisent exclusivement des semi-remorques. Depuis 2015, nous faisons la diff\u00e9rence entre les solutions premium et standard. Dans le domaine de la logistique premium, nous nous appuyons sur des partenaires fiables et de longue date qui se distinguent par une structure d\u2019entreprise horizontale. Les v\u00e9hicules sont \u00e9quip\u00e9s d\u2019un GPS, ce qui permet d\u2019accompagner les marchandises en temps r\u00e9el et ceci jusque chez le client final. De plus, avec un semi-remorque \u00e0 fond-mouvant, il est possible de d\u00e9charger par l\u2019arri\u00e8re ou par le haut. Cela r\u00e9duit consid\u00e9rablement le temps de d\u00e9chargement. Avec la variante premium, le conducteur parle une des langues officielles suisses (allemand ou fran\u00e7ais). Cette prestation peut \u00eatre obtenue moyennant un suppl\u00e9ment mod\u00e9r\u00e9. La logistique standard (Tautliner) est une solution de transport rentable et bas\u00e9e sur la capacit\u00e9. La logistique standard est assur\u00e9e en partenariat avec des entreprises de transport internationales bien resaut\u00e9es. Etant donn\u00e9 que le chauffeur parle le plus souvent une langue \u00e9trang\u00e8re, il faudra prendre ce point en compte lors de la commande. Lors de la livraison, il sera n\u00e9cessaire d\u2019avoir plus de compr\u00e9hension et de flexibilit\u00e9. Les possibilit\u00e9s d\u2019acc\u00e8s pour un v\u00e9hicule pesant pr\u00e8s de 40 t et mesurant environ 18 m de long ainsi que la place pour les man\u0153uvres et les possibilit\u00e9s de d\u00e9chargement (par le c\u00f4t\u00e9 ou par le haut) doivent \u00eatre garanties sur place. Pour les exploitations difficiles d\u2019acc\u00e8s, nous proposons les solutions suivantes : enl\u00e8vement de la marchandise aupr\u00e8s de votre LANDI, transbordement de marchandise sur une place d\u00e9finie ou livraison \u00e0 la ferme par votre LANDI.<\/p>\n\n\n\n<div style=\"height:24px\" aria-hidden=\"true\" class=\"wp-block-spacer\"><\/div>\n\n\n\n<div class=\"wp-block-cloudweb-offer-boxes\"><div class=\"offer-boxes-title\"><\/div><div class=\"offer-boxes\">\n<div class=\"wp-block-cloudweb-offer-box\"><div class=\"offer-box\"><img loading=\"lazy\" decoding=\"async\" src=\"https:\/\/www.einstreue.ch\/wp-content\/uploads\/2023\/12\/luzerne_rumiluz.jpg\" alt=\"\" width=\"800\" height=\"533\"\/><div class=\"offer-box-content\">\n<h2 class=\"wp-block-heading\"><a href=\"https:\/\/www.einstreue.ch\/fr\/luzerne-rumiluz\/\" data-type=\"page\" data-id=\"1745\">Luzerne RUMILUZ<\/a><\/h2>\n\n\n\n<p><\/p>\n<\/div><\/div><\/div>\n\n\n\n<div class=\"wp-block-cloudweb-offer-box\"><div class=\"offer-box\"><img loading=\"lazy\" decoding=\"async\" src=\"https:\/\/www.einstreue.ch\/wp-content\/uploads\/2023\/12\/rumiplus.jpg\" alt=\"\" width=\"800\" height=\"533\"\/><div class=\"offer-box-content\">\n<h2 class=\"wp-block-heading\"><a href=\"https:\/\/www.einstreue.ch\/fr\/luzerne-rumiplus\/\" data-type=\"page\" data-id=\"1749\">Luzerne RUMIPLUS<\/a><\/h2>\n\n\n\n<p><\/p>\n<\/div><\/div><\/div>\n\n\n\n<div class=\"wp-block-cloudweb-offer-box\"><div class=\"offer-box\"><img loading=\"lazy\" decoding=\"async\" src=\"https:\/\/www.einstreue.ch\/wp-content\/uploads\/2023\/12\/luzerne_vita_1.jpg\" alt=\"\" width=\"800\" height=\"533\"\/><div class=\"offer-box-content\">\n<h2 class=\"wp-block-heading\"><a href=\"https:\/\/www.einstreue.ch\/fr\/luzerne-vita-slovaquie\/\" data-type=\"page\" data-id=\"1753\">Luzerne VITA Slovaquie<\/a><\/h2>\n\n\n\n<p><\/p>\n<\/div><\/div><\/div>\n\n\n\n<div class=\"wp-block-cloudweb-offer-box\"><div class=\"offer-box\"><img loading=\"lazy\" decoding=\"async\" src=\"https:\/\/www.einstreue.ch\/wp-content\/uploads\/2023\/12\/luzernergruenmehlwuerfel_11_1.jpg\" alt=\"\" width=\"800\" height=\"533\"\/><div class=\"offer-box-content\">\n<h2 class=\"wp-block-heading\"><a href=\"https:\/\/www.einstreue.ch\/fr\/luzernepellet-energie-23\/\" data-type=\"page\" data-id=\"1757\">Luzerne-pellet ENERGIE 23%<\/a><\/h2>\n\n\n\n<p><\/p>\n<\/div><\/div><\/div>\n\n\n\n<div class=\"wp-block-cloudweb-offer-box\"><div class=\"offer-box\"><img loading=\"lazy\" decoding=\"async\" src=\"https:\/\/www.einstreue.ch\/wp-content\/uploads\/2023\/12\/luzernergruenmehlwuerfel_11_1.jpg\" alt=\"\" width=\"800\" height=\"533\"\/><div class=\"offer-box-content\">\n<h2 class=\"wp-block-heading\"><a href=\"https:\/\/www.einstreue.ch\/fr\/luzernepellet-luzatop-18\/\" data-type=\"page\" data-id=\"1761\">Luzerne-pellet LUZATOP 18%<\/a><\/h2>\n\n\n\n<p><\/p>\n<\/div><\/div><\/div>\n<\/div><\/div>\n","protected":false},"excerpt":{"rendered":"<p>La r\u00e9colte de luzerne 2025 est actuellement livr\u00e9e, v\u00e9rifiez vos besoins et profitez de la 1\u00e8re coupe qui est actuellement encore disponible. La s\u00e9cheresse de l&rsquo;\u00e9t\u00e9 dernier et le printemps froid et humide ont laiss\u00e9 leurs traces. La discussion sur le climat, le conflit en Ukraine et l&rsquo;inflation persistante sont toujours d&rsquo;actualit\u00f6 et influence l&rsquo;approvisionnement [&hellip;]<\/p>\n","protected":false},"author":4,"featured_media":0,"parent":0,"menu_order":0,"comment_status":"closed","ping_status":"closed","template":"","meta":{"_acf_changed":false,"inline_featured_image":false,"_genesis_hide_title":false,"_genesis_hide_breadcrumbs":false,"_genesis_hide_singular_image":false,"_genesis_hide_footer_widgets":false,"_genesis_custom_body_class":"","_genesis_custom_post_class":"","_genesis_layout":"","footnotes":""},"class_list":{"0":"post-1957","1":"page","2":"type-page","3":"status-publish","5":"entry"},"acf":[],"_links":{"self":[{"href":"https:\/\/www.einstreue.ch\/fr\/wp-json\/wp\/v2\/pages\/1957","targetHints":{"allow":["GET"]}}],"collection":[{"href":"https:\/\/www.einstreue.ch\/fr\/wp-json\/wp\/v2\/pages"}],"about":[{"href":"https:\/\/www.einstreue.ch\/fr\/wp-json\/wp\/v2\/types\/page"}],"author":[{"embeddable":true,"href":"https:\/\/www.einstreue.ch\/fr\/wp-json\/wp\/v2\/users\/4"}],"replies":[{"embeddable":true,"href":"https:\/\/www.einstreue.ch\/fr\/wp-json\/wp\/v2\/comments?post=1957"}],"version-history":[{"count":0,"href":"https:\/\/www.einstreue.ch\/fr\/wp-json\/wp\/v2\/pages\/1957\/revisions"}],"wp:attachment":[{"href":"https:\/\/www.einstreue.ch\/fr\/wp-json\/wp\/v2\/media?parent=1957"}],"curies":[{"name":"wp","href":"https:\/\/api.w.org\/{rel}","templated":true}]}}