{"id":1952,"date":"2023-12-20T16:33:20","date_gmt":"2023-12-20T15:33:20","guid":{"rendered":"https:\/\/www.einstreue.ch\/stroh\/"},"modified":"2026-03-18T16:42:47","modified_gmt":"2026-03-18T15:42:47","slug":"stroh","status":"publish","type":"page","link":"https:\/\/www.einstreue.ch\/fr\/stroh\/","title":{"rendered":"Produits de paille ANI"},"content":{"rendered":"\n<p><strong>Tendance pour les produits travaill\u00e9s<\/strong><\/p>\n\n\n\n<p>Les nouveaux syst\u00e8mes de stabulation avec paille sont tr\u00e8s tendances. La demande en produits de paille transform\u00e9s industriellement, tels que la paille hach\u00e9e, les granul\u00e9s, les miettes et la farine, a tr\u00e8s fortement augment\u00e9. Les contributions pour les \u00absyst\u00e8mes de stabulations particuli\u00e8rement respectueux des animaux\u00bb (SST), ainsi que l&rsquo;obligation des pendillards ont influenc\u00e9 ce d\u00e9veloppement.<\/p>\n\n\n\n<p>En \u00e9levage, qu\u2019il s\u2019agisse d\u2019\u00e9conomie, de technique ou d\u2019hygi\u00e8ne, on en revient toujours \u00e0 de la bonne vieille paille. Elle est confortable, offre un bonne isolation thermique et limite la teneur en ammoniac dans l\u2019air. De plus, elle est biod\u00e9gradable et n\u2019entra\u00eene aucune acidification suppl\u00e9mentaire du sol.<\/p>\n\n\n\n<p><strong>Tendance et avenir<\/strong><\/p>\n\n\n\n<p>La paille hach\u00e9e (ANIbric et ANIgrande) est de plus en plus appr\u00e9ci\u00e9e et peut \u00eatre utilis\u00e9e de diff\u00e9rentes mani\u00e8res. La paille naturelle trait\u00e9e industriellement et partiellement d\u00e9poussi\u00e9r\u00e9e, sous forme de grosses balles,\u00a0est de plus en plus populaire, tout comme les produits alternatifs (ANIfamily) tels que les cubes de paille ANIvac, les miettes de paille ANIvac plus ou la farine de paille ANIvac extra.<\/p>\n\n\n\n<p>Cette tendance est due aux syst\u00e8mes de stabulation (stabulations libres avec logettes, caillebotis, etc.) ainsi qu\u2019au d\u00e9veloppement de la technologie des lisiers. D\u2019autres aspects tr\u00e8s int\u00e9ressants consistent en un besoin de place r\u00e9duit, un pouvoir absorbant plus \u00e9lev\u00e9 et une charge de travail r\u00e9duite par rapport aux balles de paille press\u00e9es au champ. Pour la production de paille hach\u00e9e, on utilise principalement de la paille de bl\u00e9 d\u2019une qualit\u00e9 irr\u00e9prochable. La paille longue est hach\u00e9e, nettoy\u00e9e, d\u00e9poussi\u00e9r\u00e9e et d\u00e9fibr\u00e9e afin d\u2019offrir une bonne absorption et une bonne digestibilit\u00e9. On obtient ainsi une liti\u00e8re absorbante et confortable. La paille hach\u00e9e convient \u00e9galement \u00e0 l\u2019affouragement des ruminants, par exemple en compl\u00e9ment aux rations humides pauvres en structure, ou par manque de fourrage (s\u00e9cheresse 2018).<\/p>\n\n\n\n<div style=\"height:25px\" aria-hidden=\"true\" class=\"wp-block-spacer\"><\/div>\n\n\n\n<div class=\"wp-block-columns\">\n<div class=\"wp-block-column\">\n<figure class=\"wp-block-image size-full\"><img loading=\"lazy\" decoding=\"async\" width=\"667\" height=\"676\" src=\"https:\/\/www.einstreue.ch\/wp-content\/uploads\/2023\/12\/anistrohprodukte_1.png\" alt=\"\" class=\"wp-image-1456\" style=\"aspect-ratio:1;object-fit:contain\" srcset=\"https:\/\/www.einstreue.ch\/wp-content\/uploads\/2023\/12\/anistrohprodukte_1.png 667w, https:\/\/www.einstreue.ch\/wp-content\/uploads\/2023\/12\/anistrohprodukte_1-296x300.png 296w\" sizes=\"auto, (max-width: 667px) 100vw, 667px\" \/><\/figure>\n<\/div>\n\n\n\n<div class=\"wp-block-column\">\n<figure class=\"wp-block-image size-full\"><img loading=\"lazy\" decoding=\"async\" width=\"554\" height=\"773\" src=\"https:\/\/www.einstreue.ch\/wp-content\/uploads\/2023\/12\/anistrohprodukte_2.png\" alt=\"\" class=\"wp-image-1453\" style=\"aspect-ratio:1;object-fit:contain\" srcset=\"https:\/\/www.einstreue.ch\/wp-content\/uploads\/2023\/12\/anistrohprodukte_2.png 554w, https:\/\/www.einstreue.ch\/wp-content\/uploads\/2023\/12\/anistrohprodukte_2-215x300.png 215w\" sizes=\"auto, (max-width: 554px) 100vw, 554px\" \/><\/figure>\n<\/div>\n<\/div>\n\n\n\n<p><strong>Pratique, s\u00fbr et durable<\/strong><\/p>\n\n\n\n<p>Les brins de paille sont hach\u00e9s jusqu\u2019\u00e0 environ 4 cm. Les dimensions des balles sont optimis\u00e9es pour un transport \u00e9conomique et \u00e9cologique. Les balles stables et compactes permettent de multiples d\u00e9chargements et rechargements ainsi qu\u2019un stockage interm\u00e9diaire. Le produit de qualit\u00e9 est partiellement d\u00e9poussi\u00e9r\u00e9, ce qui r\u00e9duit consid\u00e9rablement les risques de contamination par des germes. La poussi\u00e8re est extraite pendant le processus de traitement et r\u00e9utilis\u00e9e dans une usine de biogaz r\u00e9gionale. Ainsi s\u2019ach\u00e8ve le cycle positif d\u2019une production respectueuse de la qualit\u00e9 et de l\u2019environnement.&nbsp;<\/p>\n\n\n\n<p><strong>Logistique et capacit\u00e9s de livraison<\/strong><\/p>\n\n\n\n<p>Il vaut la peine de commander tr\u00e8s t\u00f4t les produits de marque chez LANDI. De cette fa\u00e7on, le produit souhait\u00e9 peut \u00eatre livr\u00e9 au moment voulu et au moyen de la logistique requise. La livraison s\u2019effectue principalement par semi-remorque pour autant que l\u2019acc\u00e8s et le d\u00e9chargement soient garantis. La livraison par camion-remorque ou en combinaison avec d\u2019autres produits de paille conventionnels est possible apr\u00e8s accord pr\u00e9alable et moyennant un suppl\u00e9ment de prix.<\/p>\n\n\n\n<p>Pour le transport \u00e0 destination de la Suisse, nous faisons appel \u00e0 des transporteurs internationaux ayant des possibilit\u00e9s de rechargement pour l\u2019\u00e9tranger. Ces entreprises proposent des services de transport optimis\u00e9s en termes de co\u00fbts et justifiables d\u2019un point de vue \u00e9cologique. En revanche, ils utilisent exclusivement des semi-remorques. Depuis 2015, nous faisons la diff\u00e9rence entre les solutions premium et standard. Dans le domaine de la logistique premium, nous nous appuyons sur des partenaires fiables et de longue date qui se distinguent par une structure d\u2019entreprise horizontale. Les v\u00e9hicules sont \u00e9quip\u00e9s d\u2019un GPS, ce qui permet d\u2019accompagner les marchandises en temps r\u00e9el et ceci jusque chez le client final. De plus, avec un semi-remorque \u00e0 fond-mouvant, il est possible de d\u00e9charger par l\u2019arri\u00e8re ou par le haut. Cela r\u00e9duit consid\u00e9rablement le temps de d\u00e9chargement. Avec la variante premium, le conducteur parle une des langues officielles suisses (allemand ou fran\u00e7ais). Cette prestation peut \u00eatre obtenue moyennant un suppl\u00e9ment mod\u00e9r\u00e9. La logistique standard (Tautliner) est une solution de transport rentable et bas\u00e9e sur la capacit\u00e9. La logistique standard est assur\u00e9e en partenariat avec des entreprises de transport internationales bien resaut\u00e9es. Etant donn\u00e9 que le chauffeur parle le plus souvent une langue \u00e9trang\u00e8re, il faudra prendre ce point en compte lors de la commande. Lors de la livraison, il sera n\u00e9cessaire d\u2019avoir plus de compr\u00e9hension et de flexibilit\u00e9. Les possibilit\u00e9s d\u2019acc\u00e8s pour un v\u00e9hicule pesant pr\u00e8s de 40 t et mesurant environ 18 m de long ainsi que la place pour les man\u0153uvres et les possibilit\u00e9s de d\u00e9chargement (par le c\u00f4t\u00e9 ou par le haut) doivent \u00eatre garanties sur place. Pour les exploitations difficiles d\u2019acc\u00e8s, nous proposons les solutions suivantes : enl\u00e8vement de la marchandise aupr\u00e8s de votre LANDI, transbordement de marchandise sur une place d\u00e9finie ou livraison \u00e0 la ferme par votre LANDI.<\/p>\n\n\n\n<div class=\"wp-block-columns\">\n<div class=\"wp-block-column\">\n<figure class=\"wp-block-image size-large\"><img loading=\"lazy\" decoding=\"async\" width=\"1024\" height=\"683\" src=\"https:\/\/www.einstreue.ch\/wp-content\/uploads\/2023\/12\/anistrohprodukte_3-1024x683.jpg\" alt=\"\" class=\"wp-image-1450\" srcset=\"https:\/\/www.einstreue.ch\/wp-content\/uploads\/2023\/12\/anistrohprodukte_3-1024x683.jpg 1024w, https:\/\/www.einstreue.ch\/wp-content\/uploads\/2023\/12\/anistrohprodukte_3-300x200.jpg 300w, https:\/\/www.einstreue.ch\/wp-content\/uploads\/2023\/12\/anistrohprodukte_3-768x512.jpg 768w, https:\/\/www.einstreue.ch\/wp-content\/uploads\/2023\/12\/anistrohprodukte_3-1536x1024.jpg 1536w, https:\/\/www.einstreue.ch\/wp-content\/uploads\/2023\/12\/anistrohprodukte_3.jpg 1800w\" sizes=\"auto, (max-width: 1024px) 100vw, 1024px\" \/><\/figure>\n<\/div>\n\n\n\n<div class=\"wp-block-column\">\n<figure class=\"wp-block-image size-large\"><img loading=\"lazy\" decoding=\"async\" width=\"1024\" height=\"683\" src=\"https:\/\/www.einstreue.ch\/wp-content\/uploads\/2023\/12\/anistrohprodukte_4-1024x683.jpg\" alt=\"\" class=\"wp-image-1459\" srcset=\"https:\/\/www.einstreue.ch\/wp-content\/uploads\/2023\/12\/anistrohprodukte_4-1024x683.jpg 1024w, https:\/\/www.einstreue.ch\/wp-content\/uploads\/2023\/12\/anistrohprodukte_4-300x200.jpg 300w, https:\/\/www.einstreue.ch\/wp-content\/uploads\/2023\/12\/anistrohprodukte_4-768x512.jpg 768w, https:\/\/www.einstreue.ch\/wp-content\/uploads\/2023\/12\/anistrohprodukte_4-1536x1024.jpg 1536w, https:\/\/www.einstreue.ch\/wp-content\/uploads\/2023\/12\/anistrohprodukte_4.jpg 1800w\" sizes=\"auto, (max-width: 1024px) 100vw, 1024px\" \/><\/figure>\n<\/div>\n<\/div>\n\n\n\n<p>Chargement sur semi-remorque b\u00e2ch\u00e9e (gauche) et chargement sur fond mouvant (droite)<\/p>\n\n\n\n<div style=\"height:25px\" aria-hidden=\"true\" class=\"wp-block-spacer\"><\/div>\n\n\n\n<div class=\"wp-block-cloudweb-product-cards\">\n<div class=\"wp-block-cloudweb-product-card\"><div class=\"product-card-info\"><div class=\"product-card-image\"><img loading=\"lazy\" decoding=\"async\" src=\"https:\/\/www.einstreue.ch\/wp-content\/uploads\/2023\/12\/haecksel_stroh_5cm_1_.jpg\" alt=\"\" width=\"800\" height=\"533\"\/><\/div><div class=\"product-card-details\"><h2 class=\"product-card-title\">ANIbric Paille hach\u00e9e<\/h2><p class=\"product-card-description\">La nouvelle g\u00e9n\u00e9ration de qualit\u00e9 venue de France<\/p><p class=\"product-card-link\"><a href=\"https:\/\/www.einstreue.ch\/fr\/anibric-haeckselstroh\/\">Paille hach\u00e9e<\/a><\/p><\/div><\/div><\/div>\n\n\n\n<div class=\"wp-block-cloudweb-product-card\"><div class=\"product-card-info\"><div class=\"product-card-image\"><img loading=\"lazy\" decoding=\"async\" src=\"https:\/\/www.einstreue.ch\/wp-content\/uploads\/2023\/12\/anivac.jpg\" alt=\"\" width=\"800\" height=\"533\"\/><\/div><div class=\"product-card-details\"><h2 class=\"product-card-title\">ANIvac Cubes de paille<\/h2><p class=\"product-card-description\">Utilisation efficace gr\u00e2ce \u00e0 une charge de travail r\u00e9duite et un faible volume de fumier.<\/p><p class=\"product-card-link\"><a href=\"https:\/\/www.einstreue.ch\/fr\/anivac\/\">Cubes de paille<\/a><\/p><\/div><\/div><\/div>\n\n\n\n<div class=\"wp-block-cloudweb-product-card\"><div class=\"product-card-info\"><div class=\"product-card-image\"><img loading=\"lazy\" decoding=\"async\" src=\"https:\/\/www.einstreue.ch\/wp-content\/uploads\/2025\/10\/GOF_0006_ANIpremos.jpg\" alt=\"\" width=\"704\" height=\"467\"\/><\/div><div class=\"product-card-details\"><h2 class=\"product-card-title\">ANIpremos Cubes de paille<\/h2><p class=\"product-card-description\">Cube de paille 16 mm en paille de c\u00e9r\u00e9ales pour liti\u00e8re<\/p><p class=\"product-card-link\"><a href=\"https:\/\/www.einstreue.ch\/fr\/anipremos\/\">Cubes de paille<\/a><\/p><\/div><\/div><\/div>\n<\/div>\n","protected":false},"excerpt":{"rendered":"<p>Tendance pour les produits travaill\u00e9s Les nouveaux syst\u00e8mes de stabulation avec paille sont tr\u00e8s tendances. La demande en produits de paille transform\u00e9s industriellement, tels que la paille hach\u00e9e, les granul\u00e9s, les miettes et la farine, a tr\u00e8s fortement augment\u00e9. Les contributions pour les \u00absyst\u00e8mes de stabulations particuli\u00e8rement respectueux des animaux\u00bb (SST), ainsi que l&rsquo;obligation des [&hellip;]<\/p>\n","protected":false},"author":4,"featured_media":0,"parent":0,"menu_order":0,"comment_status":"closed","ping_status":"closed","template":"","meta":{"_acf_changed":false,"inline_featured_image":false,"_genesis_hide_title":false,"_genesis_hide_breadcrumbs":false,"_genesis_hide_singular_image":false,"_genesis_hide_footer_widgets":false,"_genesis_custom_body_class":"","_genesis_custom_post_class":"","_genesis_layout":"","footnotes":""},"class_list":{"0":"post-1952","1":"page","2":"type-page","3":"status-publish","5":"entry"},"acf":[],"_links":{"self":[{"href":"https:\/\/www.einstreue.ch\/fr\/wp-json\/wp\/v2\/pages\/1952","targetHints":{"allow":["GET"]}}],"collection":[{"href":"https:\/\/www.einstreue.ch\/fr\/wp-json\/wp\/v2\/pages"}],"about":[{"href":"https:\/\/www.einstreue.ch\/fr\/wp-json\/wp\/v2\/types\/page"}],"author":[{"embeddable":true,"href":"https:\/\/www.einstreue.ch\/fr\/wp-json\/wp\/v2\/users\/4"}],"replies":[{"embeddable":true,"href":"https:\/\/www.einstreue.ch\/fr\/wp-json\/wp\/v2\/comments?post=1952"}],"version-history":[{"count":0,"href":"https:\/\/www.einstreue.ch\/fr\/wp-json\/wp\/v2\/pages\/1952\/revisions"}],"wp:attachment":[{"href":"https:\/\/www.einstreue.ch\/fr\/wp-json\/wp\/v2\/media?parent=1952"}],"curies":[{"name":"wp","href":"https:\/\/api.w.org\/{rel}","templated":true}]}}