{"id":1926,"date":"2023-12-20T14:50:28","date_gmt":"2023-12-20T13:50:28","guid":{"rendered":"https:\/\/www.einstreue.ch\/anihaylage-2\/"},"modified":"2023-12-24T07:20:12","modified_gmt":"2023-12-24T06:20:12","slug":"anihaylage-2","status":"publish","type":"page","link":"https:\/\/www.einstreue.ch\/fr\/anihaylage-2\/","title":{"rendered":"ANIhaylage"},"content":{"rendered":"\n<p>ANIhaylage est un fourrage grossier app\u00e9tant pauvre&nbsp;en poussi\u00e8re r\u00e9pondant au mieux aux exigences d\u2018un affourragement naturel et sain. II contribue \u00e0 la bonne sant\u00e9 des chevaux.<\/p>\n\n\n\n<p><strong>Application<\/strong><\/p>\n\n\n\n<p><em>Changement de fourrage au ANIhaylage:<br><\/em>Pour que les microbes du syst\u00e8me digestif puissent s\u2018adapter au nouveau fourrage, nous conseillons d\u2018augmenter lentement la ration journali\u00e8re d\u2018ANIhaylage. D\u00e8s le 6\u00e8me jour le besoin journalier en fourrage de base peut \u00eatre donn\u00e9 sous forme d\u2018ANIhaylage.<\/p>\n\n\n\n<p><em>Affourragement<\/em><br>Le besoin quotidien de fourrage varie suivant l\u2018effort demand\u00e9 \u00e0 votre cheval. Notre recommandation: 1 \u00e0 1.5 kg ANIhaylage par jour et 100 kg de poids vif (exemple: un cheval de 600 kg re\u00e7oit 6 \u00e0 9 kg d\u2018ANIhaylage par jour).<\/p>\n\n\n\n<p><strong>Unit\u00e9 d\u2018emballage<br><\/strong>ANIhaylage p\u00e8se environ 18 kg par balle. Suivant la teneur en mati\u00e8re s\u00e9che le poids peut l\u00e9g\u00e8rement varier.<\/p>\n\n\n\n<p>T\u00e9l\u00e9chargements<\/p>\n\n\n\n<p class=\"is-style-accordion-link\"><a href=\"https:\/\/www.einstreue.ch\/wp-content\/uploads\/2023\/12\/ANIhaylage_Produkteinfo_d-f.pdf\">ANIhaylage_Produkteinfo_d-f.pdf<\/a><\/p>\n\n\n\n<p class=\"is-style-accordion-link\"><a href=\"https:\/\/www.einstreue.ch\/wp-content\/uploads\/2023\/12\/Rapport_de_march_ANIhaylage_2022_F-1.pdf\" data-type=\"attachment\" data-id=\"1838\">Rapport_de_march_ANIhaylage_2022_F.pdf<\/a><\/p>\n\n\n\n<div class=\"wp-block-cloudweb-offer-boxes\"><div class=\"offer-boxes-title\"><\/div><div class=\"offer-boxes\">\n<div class=\"wp-block-cloudweb-offer-box\"><div class=\"offer-box\"><img loading=\"lazy\" decoding=\"async\" src=\"https:\/\/www.einstreue.ch\/wp-content\/uploads\/2023\/12\/haylage.jpg\" alt=\"\" width=\"1800\" height=\"1200\"\/><div class=\"offer-box-content\">\n<h2 class=\"wp-block-heading\"><a href=\"https:\/\/www.einstreue.ch\/fr\/anihaylage\/\" data-type=\"page\" data-id=\"1644\">ANIhaylage<\/a><\/h2>\n\n\n\n<p><\/p>\n<\/div><\/div><\/div>\n\n\n\n<div class=\"wp-block-cloudweb-offer-box\"><div class=\"offer-box\"><div class=\"offer-box-content\"><\/div><\/div><\/div>\n\n\n\n<div class=\"wp-block-cloudweb-offer-box\"><div class=\"offer-box\"><div class=\"offer-box-content\"><\/div><\/div><\/div>\n\n\n\n<div class=\"wp-block-cloudweb-offer-box\"><div class=\"offer-box\"><div class=\"offer-box-content\"><\/div><\/div><\/div>\n<\/div><\/div>\n","protected":false},"excerpt":{"rendered":"<p>ANIhaylage est un fourrage grossier app\u00e9tant pauvre&nbsp;en poussi\u00e8re r\u00e9pondant au mieux aux exigences d\u2018un affourragement naturel et sain. II contribue \u00e0 la bonne sant\u00e9 des chevaux. Application Changement de fourrage au ANIhaylage:Pour que les microbes du syst\u00e8me digestif puissent s\u2018adapter au nouveau fourrage, nous conseillons d\u2018augmenter lentement la ration journali\u00e8re d\u2018ANIhaylage. D\u00e8s le 6\u00e8me jour [&hellip;]<\/p>\n","protected":false},"author":4,"featured_media":0,"parent":0,"menu_order":0,"comment_status":"closed","ping_status":"closed","template":"","meta":{"_acf_changed":false,"inline_featured_image":false,"_genesis_hide_title":false,"_genesis_hide_breadcrumbs":false,"_genesis_hide_singular_image":false,"_genesis_hide_footer_widgets":false,"_genesis_custom_body_class":"","_genesis_custom_post_class":"","_genesis_layout":"","footnotes":""},"class_list":{"0":"post-1926","1":"page","2":"type-page","3":"status-publish","5":"entry"},"acf":[],"_links":{"self":[{"href":"https:\/\/www.einstreue.ch\/fr\/wp-json\/wp\/v2\/pages\/1926","targetHints":{"allow":["GET"]}}],"collection":[{"href":"https:\/\/www.einstreue.ch\/fr\/wp-json\/wp\/v2\/pages"}],"about":[{"href":"https:\/\/www.einstreue.ch\/fr\/wp-json\/wp\/v2\/types\/page"}],"author":[{"embeddable":true,"href":"https:\/\/www.einstreue.ch\/fr\/wp-json\/wp\/v2\/users\/4"}],"replies":[{"embeddable":true,"href":"https:\/\/www.einstreue.ch\/fr\/wp-json\/wp\/v2\/comments?post=1926"}],"version-history":[{"count":0,"href":"https:\/\/www.einstreue.ch\/fr\/wp-json\/wp\/v2\/pages\/1926\/revisions"}],"wp:attachment":[{"href":"https:\/\/www.einstreue.ch\/fr\/wp-json\/wp\/v2\/media?parent=1926"}],"curies":[{"name":"wp","href":"https:\/\/api.w.org\/{rel}","templated":true}]}}