{"id":1920,"date":"2023-12-20T15:26:29","date_gmt":"2023-12-20T14:26:29","guid":{"rendered":"https:\/\/www.einstreue.ch\/anibric\/"},"modified":"2023-12-26T22:51:09","modified_gmt":"2023-12-26T21:51:09","slug":"anibric","status":"publish","type":"page","link":"https:\/\/www.einstreue.ch\/fr\/anibric\/","title":{"rendered":"ANIbric"},"content":{"rendered":"\n<h4 class=\"wp-block-heading\"><strong>ANIbric paille hach\u00e9e \u2013 la nouvelle qualit\u00e9 en provenance de France !<\/strong><\/h4>\n\n\n\n<p>L\u2019entreprise familiale Groupement Foncier Agricole Briotet-Isnard, situ\u00e9e dans la C\u00f4te d\u2019Or en France, s\u2019est sp\u00e9cialis\u00e9e, depuis le mois de janvier 2018, dans la production de paille hach\u00e9e. Les mois pr\u00e9c\u00e9dents le lancement de la production, une broyeuse \u00e0 paille industrielle, ultra moderne, efficace et ax\u00e9e sur la qualit\u00e9 a \u00e9t\u00e9 install\u00e9e. Cette entreprise fabrique ce produit nouvellement lanc\u00e9 ANIbric paille hach\u00e9e, en exclusivit\u00e9 pour LANDI AGRO.<\/p>\n\n\n\n<p>Les balles ont une dimension de 80 x 110 x 120 cm, p\u00e8sent environ 300 kg et sont reli\u00e9es avec 7 bandes plastique. Les brins de paille sont r\u00e9guli\u00e8rement hach\u00e9s jusqu\u2019\u00e0 une longueur d\u2019environ 4 cm. Les dimensions des balles ont \u00e9t\u00e9 optimis\u00e9es pour un transport \u00e9conomique et \u00e9cologique. De plus, il y a des balles d\u2019environ 150 kg (dimension de 80 x 55 x 120 cm), li\u00e9es avec 4 bandes plastiques, pour les exploitations de montagne et les petites exploitations.<\/p>\n\n\n\n<p>Ces balles solides et tr\u00e8s compactes permettent plusieurs transbordements et se pr\u00eatent tr\u00e8s bien \u00e0 un entreposage temporaire. La paille hach\u00e9e ANIbric correspond parfaitement aux exigences les plus actuelles. Pour le produit de base, une partie de la paille provient de leur propre production, ainsi que de la paille achet\u00e9e dans la r\u00e9gion. Le contr\u00f4le de qualit\u00e9 est assur\u00e9 en permanence par les collaborateurs de la production. Ce produit de qualit\u00e9 est partiellement d\u00e9poussi\u00e9r\u00e9, ce qui r\u00e9duit consid\u00e9rablement une possible contamination bact\u00e9rienne. Lors du proc\u00e9d\u00e9 de fabrication, la poussi\u00e8re est aspir\u00e9e et r\u00e9utilis\u00e9e dans une installation r\u00e9gionale de biogaz. Ainsi, le cercle positif pour une production soucieuse de la qualit\u00e9 et respectueuse de l\u2019environnement se referme.<\/p>\n\n\n\n<p><strong>Logistique<\/strong><\/p>\n\n\n\n<p>Possible avec camion-remorque ou semi-remorque \u00e0 condition que l\u2019acc\u00e8s et le d\u00e9chargement soient garantis. Possibilit\u00e9 d\u2019une combinaison avec des produits de paille traditionnels moyennant un suppl\u00e9ment de prix.<\/p>\n\n\n\n<p><strong>Rapport qualit\u00e9-prix<\/strong><\/p>\n\n\n\n<p>Le rapport qualit\u00e9-prix, en comparaison \u00e0 des grosses balles traditionnelles, est meilleure et plus \u00e9conomique pour l\u2019\u00e9leveur, ceci gr\u00e2ce \u00e0 la forme tr\u00e8s compacte et des poids de chargement plus int\u00e9ressants pour la paille hach\u00e9e ANIbric.<\/p>\n\n\n\n<div style=\"height:25px\" aria-hidden=\"true\" class=\"wp-block-spacer\"><\/div>\n\n\n\n<figure class=\"wp-block-embed is-type-video is-provider-youtube wp-block-embed-youtube wp-embed-aspect-16-9 wp-has-aspect-ratio\"><div class=\"wp-block-embed__wrapper\">\n<iframe loading=\"lazy\" title=\"LANDI AGRO: Paille d\u00e9fibr\u00e9e ANIbric\" width=\"500\" height=\"281\" src=\"https:\/\/www.youtube.com\/embed\/fmu3uhqcQSk?feature=oembed\" frameborder=\"0\" allow=\"accelerometer; autoplay; clipboard-write; encrypted-media; gyroscope; picture-in-picture; web-share\" referrerpolicy=\"strict-origin-when-cross-origin\" allowfullscreen><\/iframe>\n<\/div><\/figure>\n\n\n\n<div style=\"height:22px\" aria-hidden=\"true\" class=\"wp-block-spacer\"><\/div>\n\n\n\n<div class=\"wp-block-columns\">\n<div class=\"wp-block-column\" style=\"flex-basis:50%\">\n<figure class=\"wp-block-image size-medium\"><img loading=\"lazy\" decoding=\"async\" width=\"300\" height=\"225\" src=\"https:\/\/www.einstreue.ch\/wp-content\/uploads\/2023\/12\/Bild_1-300x225.jpg\" alt=\"\" class=\"wp-image-1382\" srcset=\"https:\/\/www.einstreue.ch\/wp-content\/uploads\/2023\/12\/Bild_1-300x225.jpg 300w, https:\/\/www.einstreue.ch\/wp-content\/uploads\/2023\/12\/Bild_1-1024x768.jpg 1024w, https:\/\/www.einstreue.ch\/wp-content\/uploads\/2023\/12\/Bild_1-768x576.jpg 768w, https:\/\/www.einstreue.ch\/wp-content\/uploads\/2023\/12\/Bild_1-1536x1152.jpg 1536w, https:\/\/www.einstreue.ch\/wp-content\/uploads\/2023\/12\/Bild_1.jpg 1600w\" sizes=\"auto, (max-width: 300px) 100vw, 300px\" \/><\/figure>\n<\/div>\n\n\n\n<div class=\"wp-block-column is-vertically-aligned-center\" style=\"flex-basis:50%\">\n<p>Contr\u00f4le de qualit\u00e9 syst\u00e9matique de la mati\u00e8re premi\u00e8re \u00ab paille \u00bb<\/p>\n<\/div>\n<\/div>\n\n\n\n<div class=\"wp-block-columns\">\n<div class=\"wp-block-column\" style=\"flex-basis:50%\">\n<figure class=\"wp-block-image size-medium\"><img loading=\"lazy\" decoding=\"async\" width=\"300\" height=\"225\" src=\"https:\/\/www.einstreue.ch\/wp-content\/uploads\/2023\/12\/Bild_2-300x225.jpg\" alt=\"\" class=\"wp-image-1386\" srcset=\"https:\/\/www.einstreue.ch\/wp-content\/uploads\/2023\/12\/Bild_2-300x225.jpg 300w, https:\/\/www.einstreue.ch\/wp-content\/uploads\/2023\/12\/Bild_2-1024x768.jpg 1024w, https:\/\/www.einstreue.ch\/wp-content\/uploads\/2023\/12\/Bild_2-768x576.jpg 768w, https:\/\/www.einstreue.ch\/wp-content\/uploads\/2023\/12\/Bild_2-1536x1152.jpg 1536w, https:\/\/www.einstreue.ch\/wp-content\/uploads\/2023\/12\/Bild_2.jpg 1600w\" sizes=\"auto, (max-width: 300px) 100vw, 300px\" \/><\/figure>\n<\/div>\n\n\n\n<div class=\"wp-block-column is-vertically-aligned-center\" style=\"flex-basis:50%\">\n<p>Paille de qualit\u00e9 qui acc\u00e8de au processus de traitement<\/p>\n<\/div>\n<\/div>\n\n\n\n<div class=\"wp-block-columns\">\n<div class=\"wp-block-column\" style=\"flex-basis:50%\">\n<figure class=\"wp-block-image size-medium\"><img loading=\"lazy\" decoding=\"async\" width=\"300\" height=\"225\" src=\"https:\/\/www.einstreue.ch\/wp-content\/uploads\/2023\/12\/Bild_3-300x225.jpg\" alt=\"\" class=\"wp-image-1389\" srcset=\"https:\/\/www.einstreue.ch\/wp-content\/uploads\/2023\/12\/Bild_3-300x225.jpg 300w, https:\/\/www.einstreue.ch\/wp-content\/uploads\/2023\/12\/Bild_3-1024x768.jpg 1024w, https:\/\/www.einstreue.ch\/wp-content\/uploads\/2023\/12\/Bild_3-768x576.jpg 768w, https:\/\/www.einstreue.ch\/wp-content\/uploads\/2023\/12\/Bild_3-1536x1152.jpg 1536w, https:\/\/www.einstreue.ch\/wp-content\/uploads\/2023\/12\/Bild_3.jpg 1600w\" sizes=\"auto, (max-width: 300px) 100vw, 300px\" \/><\/figure>\n<\/div>\n\n\n\n<div class=\"wp-block-column is-vertically-aligned-center\" style=\"flex-basis:50%\">\n<p>La poussi\u00e8re est aspir\u00e9e lors du proc\u00e9d\u00e9 de traitement<\/p>\n<\/div>\n<\/div>\n\n\n\n<div class=\"wp-block-columns\">\n<div class=\"wp-block-column\" style=\"flex-basis:50%\">\n<figure class=\"wp-block-image size-medium\"><img loading=\"lazy\" decoding=\"async\" width=\"300\" height=\"225\" src=\"https:\/\/www.einstreue.ch\/wp-content\/uploads\/2023\/12\/Bild_4-300x225.jpg\" alt=\"\" class=\"wp-image-1392\" srcset=\"https:\/\/www.einstreue.ch\/wp-content\/uploads\/2023\/12\/Bild_4-300x225.jpg 300w, https:\/\/www.einstreue.ch\/wp-content\/uploads\/2023\/12\/Bild_4-1024x768.jpg 1024w, https:\/\/www.einstreue.ch\/wp-content\/uploads\/2023\/12\/Bild_4-768x576.jpg 768w, https:\/\/www.einstreue.ch\/wp-content\/uploads\/2023\/12\/Bild_4-1536x1152.jpg 1536w, https:\/\/www.einstreue.ch\/wp-content\/uploads\/2023\/12\/Bild_4.jpg 1600w\" sizes=\"auto, (max-width: 300px) 100vw, 300px\" \/><\/figure>\n<\/div>\n\n\n\n<div class=\"wp-block-column is-vertically-aligned-center\" style=\"flex-basis:50%\">\n<p>Paille hach\u00e9e ANIbric dans sa forme compacte et reli\u00e9e avec bandes<br>plastique (7 fois)<\/p>\n<\/div>\n<\/div>\n\n\n\n<div style=\"height:25px\" aria-hidden=\"true\" class=\"wp-block-spacer\"><\/div>\n\n\n\n<div class=\"wp-block-cloudweb-offer-boxes\"><div class=\"offer-boxes-title\"><\/div><div class=\"offer-boxes\">\n<div class=\"wp-block-cloudweb-offer-box\"><div class=\"offer-box\"><img loading=\"lazy\" decoding=\"async\" src=\"https:\/\/www.einstreue.ch\/wp-content\/uploads\/2023\/12\/haecksel_stroh_5cm_1_.jpg\" alt=\"\" width=\"800\" height=\"533\"\/><div class=\"offer-box-content\">\n<h2 class=\"wp-block-heading\"><a href=\"https:\/\/www.einstreue.ch\/fr\/anibric-haeckselstroh\/\" data-type=\"page\" data-id=\"1601\">ANIbric paille hach\u00e9e<\/a><\/h2>\n\n\n\n<p><\/p>\n<\/div><\/div><\/div>\n\n\n\n<div class=\"wp-block-cloudweb-offer-box\"><div class=\"offer-box\"><div class=\"offer-box-content\"><\/div><\/div><\/div>\n\n\n\n<div class=\"wp-block-cloudweb-offer-box\"><div class=\"offer-box\"><div class=\"offer-box-content\"><\/div><\/div><\/div>\n\n\n\n<div class=\"wp-block-cloudweb-offer-box\"><div class=\"offer-box\"><div class=\"offer-box-content\"><\/div><\/div><\/div>\n<\/div><\/div>\n","protected":false},"excerpt":{"rendered":"<p>ANIbric paille hach\u00e9e \u2013 la nouvelle qualit\u00e9 en provenance de France ! L\u2019entreprise familiale Groupement Foncier Agricole Briotet-Isnard, situ\u00e9e dans la C\u00f4te d\u2019Or en France, s\u2019est sp\u00e9cialis\u00e9e, depuis le mois de janvier 2018, dans la production de paille hach\u00e9e. Les mois pr\u00e9c\u00e9dents le lancement de la production, une broyeuse \u00e0 paille industrielle, ultra moderne, efficace [&hellip;]<\/p>\n","protected":false},"author":4,"featured_media":0,"parent":0,"menu_order":0,"comment_status":"closed","ping_status":"closed","template":"","meta":{"_acf_changed":false,"inline_featured_image":false,"_genesis_hide_title":false,"_genesis_hide_breadcrumbs":false,"_genesis_hide_singular_image":false,"_genesis_hide_footer_widgets":false,"_genesis_custom_body_class":"","_genesis_custom_post_class":"","_genesis_layout":"","footnotes":""},"class_list":{"0":"post-1920","1":"page","2":"type-page","3":"status-publish","5":"entry"},"acf":[],"_links":{"self":[{"href":"https:\/\/www.einstreue.ch\/fr\/wp-json\/wp\/v2\/pages\/1920","targetHints":{"allow":["GET"]}}],"collection":[{"href":"https:\/\/www.einstreue.ch\/fr\/wp-json\/wp\/v2\/pages"}],"about":[{"href":"https:\/\/www.einstreue.ch\/fr\/wp-json\/wp\/v2\/types\/page"}],"author":[{"embeddable":true,"href":"https:\/\/www.einstreue.ch\/fr\/wp-json\/wp\/v2\/users\/4"}],"replies":[{"embeddable":true,"href":"https:\/\/www.einstreue.ch\/fr\/wp-json\/wp\/v2\/comments?post=1920"}],"version-history":[{"count":0,"href":"https:\/\/www.einstreue.ch\/fr\/wp-json\/wp\/v2\/pages\/1920\/revisions"}],"wp:attachment":[{"href":"https:\/\/www.einstreue.ch\/fr\/wp-json\/wp\/v2\/media?parent=1920"}],"curies":[{"name":"wp","href":"https:\/\/api.w.org\/{rel}","templated":true}]}}